{"id":99,"date":"2024-09-09T13:58:17","date_gmt":"2024-09-09T13:58:17","guid":{"rendered":"https:\/\/sjo-dtv.nl\/?page_id=99"},"modified":"2025-12-12T01:23:03","modified_gmt":"2025-12-12T01:23:03","slug":"sponsors","status":"publish","type":"page","link":"https:\/\/snc14.nl\/?page_id=99","title":{"rendered":"Onze sponsors"},"content":{"rendered":"\n<h2 class=\"wp-block-heading\">Hoofdsponsor<\/h2>\n\n\n<div class=\"wp-block-image\">\n<figure class=\"aligncenter size-full\"><a href=\"http:\/\/www.s2group.nl\"><img fetchpriority=\"high\" decoding=\"async\" width=\"225\" height=\"225\" src=\"https:\/\/snc14.nl\/wp-content\/uploads\/2024\/09\/s2.png\" alt=\"\" class=\"wp-image-206\" srcset=\"https:\/\/snc14.nl\/wp-content\/uploads\/2024\/09\/s2.png 225w, https:\/\/snc14.nl\/wp-content\/uploads\/2024\/09\/s2-150x150.png 150w\" sizes=\"(max-width: 225px) 100vw, 225px\" \/><\/a><\/figure>\n<\/div>\n\n\n<h2 class=\"wp-block-heading\">Subsponsoren<\/h2>\n\n\n\n<figure class=\"wp-block-table is-style-regular\"><table class=\"has-fixed-layout\"><tbody><tr><td><a href=\"http:\/\/accountancyzuyd.nl\">Accountancy Zuyd<\/a><\/td><td><img decoding=\"async\" width=\"150\" height=\"150\" class=\"wp-image-281\" style=\"width: 150px;\" src=\"https:\/\/sjo-dtv.nl\/wp-content\/uploads\/2025\/09\/zuyd.png\" alt=\"\" srcset=\"https:\/\/snc14.nl\/wp-content\/uploads\/2025\/09\/zuyd.png 512w, https:\/\/snc14.nl\/wp-content\/uploads\/2025\/09\/zuyd-300x300.png 300w, https:\/\/snc14.nl\/wp-content\/uploads\/2025\/09\/zuyd-150x150.png 150w\" sizes=\"(max-width: 150px) 100vw, 150px\" \/><\/td><\/tr><tr><td><a href=\"http:\/\/smockelaer.nl\">Auberge de Smockelaer<\/a><\/td><td><img decoding=\"async\" width=\"150\" height=\"105\" class=\"wp-image-278\" style=\"width: 150px;\" src=\"https:\/\/sjo-dtv.nl\/wp-content\/uploads\/2025\/09\/smockelaer.webp\" alt=\"\" srcset=\"https:\/\/snc14.nl\/wp-content\/uploads\/2025\/09\/smockelaer.webp 686w, https:\/\/snc14.nl\/wp-content\/uploads\/2025\/09\/smockelaer-300x210.webp 300w\" sizes=\"(max-width: 150px) 100vw, 150px\" \/><\/td><\/tr><tr><td><a href=\"http:\/\/bakkerijvermeeren.nl\">Bakkerij Vermeeren<\/a><\/td><td><img loading=\"lazy\" decoding=\"async\" width=\"150\" height=\"113\" class=\"wp-image-279\" style=\"width: 150px;\" src=\"https:\/\/sjo-dtv.nl\/wp-content\/uploads\/2025\/09\/vermeeren.jpg\" alt=\"\" srcset=\"https:\/\/snc14.nl\/wp-content\/uploads\/2025\/09\/vermeeren.jpg 600w, https:\/\/snc14.nl\/wp-content\/uploads\/2025\/09\/vermeeren-300x225.jpg 300w\" sizes=\"(max-width: 150px) 100vw, 150px\" \/><\/td><\/tr><tr><td><a href=\"http:\/\/brasserieboavedewesch.nl\">Boave de Wesch<\/a><\/td><td><img loading=\"lazy\" decoding=\"async\" width=\"150\" height=\"58\" class=\"wp-image-256\" style=\"width: 150px;\" src=\"https:\/\/sjo-dtv.nl\/wp-content\/uploads\/2025\/09\/boavedewesch.webp\" alt=\"\" srcset=\"https:\/\/snc14.nl\/wp-content\/uploads\/2025\/09\/boavedewesch.webp 1919w, https:\/\/snc14.nl\/wp-content\/uploads\/2025\/09\/boavedewesch-300x116.webp 300w, https:\/\/snc14.nl\/wp-content\/uploads\/2025\/09\/boavedewesch-1024x398.webp 1024w, https:\/\/snc14.nl\/wp-content\/uploads\/2025\/09\/boavedewesch-768x298.webp 768w, https:\/\/snc14.nl\/wp-content\/uploads\/2025\/09\/boavedewesch-1536x596.webp 1536w\" sizes=\"(max-width: 150px) 100vw, 150px\" \/><\/td><\/tr><tr><td><a href=\"https:\/\/brigidablompke.nl\/\">Brigida Bl\u00f6mke<\/a><\/td><td><img loading=\"lazy\" decoding=\"async\" width=\"150\" height=\"42\" class=\"wp-image-428\" style=\"width: 150px;\" src=\"https:\/\/snc14.nl\/wp-content\/uploads\/2025\/12\/Scherm\u00adafbeelding-2025-12-12-om-02.15.10.png\" alt=\"\" srcset=\"https:\/\/snc14.nl\/wp-content\/uploads\/2025\/12\/Scherm\u00adafbeelding-2025-12-12-om-02.15.10.png 1256w, https:\/\/snc14.nl\/wp-content\/uploads\/2025\/12\/Scherm\u00adafbeelding-2025-12-12-om-02.15.10-300x84.png 300w, https:\/\/snc14.nl\/wp-content\/uploads\/2025\/12\/Scherm\u00adafbeelding-2025-12-12-om-02.15.10-1024x287.png 1024w, https:\/\/snc14.nl\/wp-content\/uploads\/2025\/12\/Scherm\u00adafbeelding-2025-12-12-om-02.15.10-768x215.png 768w\" sizes=\"(max-width: 150px) 100vw, 150px\" \/><\/td><\/tr><tr><td><a href=\"http:\/\/brodak.nl\">Brouwers Installaties en dakwerken bv<\/a><\/td><td><img loading=\"lazy\" decoding=\"async\" width=\"150\" height=\"43\" class=\"wp-image-259\" style=\"width: 150px;\" src=\"https:\/\/sjo-dtv.nl\/wp-content\/uploads\/2025\/09\/brouwers.png\" alt=\"\" srcset=\"https:\/\/snc14.nl\/wp-content\/uploads\/2025\/09\/brouwers.png 671w, https:\/\/snc14.nl\/wp-content\/uploads\/2025\/09\/brouwers-300x86.png 300w\" sizes=\"(max-width: 150px) 100vw, 150px\" \/><\/td><\/tr><tr><td><a href=\"https:\/\/www.cafepley.nl\">Caf\u00e9 d&#8217;r Pley<\/a><\/td><td><\/td><\/tr><tr><td>Caf\u00e9 Offermans Hoogcruts<\/td><td><\/td><\/tr><tr><td><a href=\"http:\/\/claydrum.nl\">Claydrum<\/a><\/td><td><img loading=\"lazy\" decoding=\"async\" width=\"150\" height=\"79\" class=\"wp-image-260\" style=\"width: 150px;\" src=\"https:\/\/sjo-dtv.nl\/wp-content\/uploads\/2025\/09\/claydrum.png\" alt=\"\" srcset=\"https:\/\/snc14.nl\/wp-content\/uploads\/2025\/09\/claydrum.png 1200w, https:\/\/snc14.nl\/wp-content\/uploads\/2025\/09\/claydrum-300x158.png 300w, https:\/\/snc14.nl\/wp-content\/uploads\/2025\/09\/claydrum-1024x538.png 1024w, https:\/\/snc14.nl\/wp-content\/uploads\/2025\/09\/claydrum-768x403.png 768w\" sizes=\"(max-width: 150px) 100vw, 150px\" \/><\/td><\/tr><tr><td><a href=\"https:\/\/hoevecobelli.nl\">Cobelli<\/a><\/td><td><img loading=\"lazy\" decoding=\"async\" width=\"150\" height=\"38\" class=\"wp-image-425\" style=\"width: 150px;\" src=\"https:\/\/snc14.nl\/wp-content\/uploads\/2025\/12\/logo-website.png\" alt=\"\" srcset=\"https:\/\/snc14.nl\/wp-content\/uploads\/2025\/12\/logo-website.png 2049w, https:\/\/snc14.nl\/wp-content\/uploads\/2025\/12\/logo-website-300x77.png 300w, https:\/\/snc14.nl\/wp-content\/uploads\/2025\/12\/logo-website-1024x262.png 1024w, https:\/\/snc14.nl\/wp-content\/uploads\/2025\/12\/logo-website-768x196.png 768w, https:\/\/snc14.nl\/wp-content\/uploads\/2025\/12\/logo-website-1536x393.png 1536w\" sizes=\"(max-width: 150px) 100vw, 150px\" \/><\/td><\/tr><tr><td><a href=\"http:\/\/decorette.nl\/winkels-decorette\/gulpen\/\">Decorette Franssen<\/a><\/td><td><img loading=\"lazy\" decoding=\"async\" width=\"150\" height=\"39\" class=\"wp-image-261\" style=\"width: 150px;\" src=\"https:\/\/sjo-dtv.nl\/wp-content\/uploads\/2025\/09\/decorette-scaled.png\" alt=\"\" srcset=\"https:\/\/snc14.nl\/wp-content\/uploads\/2025\/09\/decorette-scaled.png 2560w, https:\/\/snc14.nl\/wp-content\/uploads\/2025\/09\/decorette-300x78.png 300w, https:\/\/snc14.nl\/wp-content\/uploads\/2025\/09\/decorette-1024x266.png 1024w, https:\/\/snc14.nl\/wp-content\/uploads\/2025\/09\/decorette-768x199.png 768w, https:\/\/snc14.nl\/wp-content\/uploads\/2025\/09\/decorette-1536x398.png 1536w, https:\/\/snc14.nl\/wp-content\/uploads\/2025\/09\/decorette-2048x531.png 2048w\" sizes=\"(max-width: 150px) 100vw, 150px\" \/><\/td><\/tr><tr><td><a href=\"http:\/\/www.demoproductions.nl\">Demo Productions<\/a><\/td><td><img loading=\"lazy\" decoding=\"async\" width=\"150\" height=\"94\" class=\"wp-image-421\" style=\"width: 150px;\" src=\"https:\/\/snc14.nl\/wp-content\/uploads\/2025\/12\/Demo_pitch_huisstijl_-2-1024x643-1.jpg\" alt=\"\" srcset=\"https:\/\/snc14.nl\/wp-content\/uploads\/2025\/12\/Demo_pitch_huisstijl_-2-1024x643-1.jpg 1024w, https:\/\/snc14.nl\/wp-content\/uploads\/2025\/12\/Demo_pitch_huisstijl_-2-1024x643-1-300x188.jpg 300w, https:\/\/snc14.nl\/wp-content\/uploads\/2025\/12\/Demo_pitch_huisstijl_-2-1024x643-1-768x482.jpg 768w\" sizes=\"(max-width: 150px) 100vw, 150px\" \/><\/td><\/tr><tr><td><a href=\"http:\/\/eijkerbouw.nl\">Eijkerbouw Bouwbedrijf Timmerbedrijf<\/a><\/td><td><img loading=\"lazy\" decoding=\"async\" width=\"150\" height=\"126\" class=\"wp-image-264\" style=\"width: 150px;\" src=\"https:\/\/sjo-dtv.nl\/wp-content\/uploads\/2025\/09\/eijkerbouw.png\" alt=\"\" srcset=\"https:\/\/snc14.nl\/wp-content\/uploads\/2025\/09\/eijkerbouw.png 940w, https:\/\/snc14.nl\/wp-content\/uploads\/2025\/09\/eijkerbouw-300x251.png 300w, https:\/\/snc14.nl\/wp-content\/uploads\/2025\/09\/eijkerbouw-768x644.png 768w\" sizes=\"(max-width: 150px) 100vw, 150px\" \/><\/td><\/tr><tr><td><a href=\"http:\/\/hof-mabrouck.be\">Hof Mabrouck<\/a><\/td><td><\/td><\/tr><tr><td><a href=\"http:\/\/hombourgeois.eu\">Hombourgeois<\/a> \/ <a href=\"https:\/\/www.molenvanmedael.eu\/nl\/\">Molen van Medael<\/a><\/td><td><img loading=\"lazy\" decoding=\"async\" width=\"150\" height=\"72\" class=\"wp-image-269\" style=\"width: 150px;\" src=\"https:\/\/sjo-dtv.nl\/wp-content\/uploads\/2025\/09\/hombourgeois.jpg\" alt=\"\" srcset=\"https:\/\/snc14.nl\/wp-content\/uploads\/2025\/09\/hombourgeois.jpg 436w, https:\/\/snc14.nl\/wp-content\/uploads\/2025\/09\/hombourgeois-300x143.jpg 300w\" sizes=\"(max-width: 150px) 100vw, 150px\" \/><\/td><\/tr><tr><td><a href=\"http:\/\/opreij.nl\">Jan Opreij Bouwmaterialen<\/a><\/td><td><img loading=\"lazy\" decoding=\"async\" width=\"150\" height=\"29\" class=\"wp-image-272\" style=\"width: 150px;\" src=\"https:\/\/sjo-dtv.nl\/wp-content\/uploads\/2025\/09\/janopreij.png\" alt=\"\" srcset=\"https:\/\/snc14.nl\/wp-content\/uploads\/2025\/09\/janopreij.png 507w, https:\/\/snc14.nl\/wp-content\/uploads\/2025\/09\/janopreij-300x59.png 300w\" sizes=\"(max-width: 150px) 100vw, 150px\" \/><\/td><\/tr><tr><td>Jessica Klaassen-Zijlstra Travel Counsellor<\/td><td><\/td><\/tr><tr><td><a href=\"http:\/\/josvanlaarwegenengrond.nl\">Jos van Laar<\/a><\/td><td><img loading=\"lazy\" decoding=\"async\" width=\"150\" height=\"50\" class=\"wp-image-273\" style=\"width: 150px;\" src=\"https:\/\/sjo-dtv.nl\/wp-content\/uploads\/2025\/09\/josvanlaar.png\" alt=\"\" srcset=\"https:\/\/snc14.nl\/wp-content\/uploads\/2025\/09\/josvanlaar.png 900w, https:\/\/snc14.nl\/wp-content\/uploads\/2025\/09\/josvanlaar-300x100.png 300w, https:\/\/snc14.nl\/wp-content\/uploads\/2025\/09\/josvanlaar-768x256.png 768w\" sizes=\"(max-width: 150px) 100vw, 150px\" \/><\/td><\/tr><tr><td><a href=\"http:\/\/gasterijhenry.nl\">Gasterij Henry VIII<\/a><\/td><td><img loading=\"lazy\" decoding=\"async\" width=\"150\" height=\"103\" class=\"wp-image-284\" style=\"width: 150px;\" src=\"https:\/\/sjo-dtv.nl\/wp-content\/uploads\/2025\/09\/Scherm\u00adafbeelding-2025-09-03-om-23.47.34.png\" alt=\"\" srcset=\"https:\/\/snc14.nl\/wp-content\/uploads\/2025\/09\/Scherm\u00adafbeelding-2025-09-03-om-23.47.34.png 526w, https:\/\/snc14.nl\/wp-content\/uploads\/2025\/09\/Scherm\u00adafbeelding-2025-09-03-om-23.47.34-300x206.png 300w\" sizes=\"(max-width: 150px) 100vw, 150px\" \/><\/td><\/tr><tr><td><a href=\"http:\/\/lardenoijebv.nl\">Lardenoije bv<\/a><\/td><td><img loading=\"lazy\" decoding=\"async\" width=\"150\" height=\"67\" class=\"wp-image-274\" style=\"width: 150px;\" src=\"https:\/\/sjo-dtv.nl\/wp-content\/uploads\/2025\/09\/lardenoije.png\" alt=\"\" srcset=\"https:\/\/snc14.nl\/wp-content\/uploads\/2025\/09\/lardenoije.png 1608w, https:\/\/snc14.nl\/wp-content\/uploads\/2025\/09\/lardenoije-300x133.png 300w, https:\/\/snc14.nl\/wp-content\/uploads\/2025\/09\/lardenoije-1024x454.png 1024w, https:\/\/snc14.nl\/wp-content\/uploads\/2025\/09\/lardenoije-768x341.png 768w, https:\/\/snc14.nl\/wp-content\/uploads\/2025\/09\/lardenoije-1536x681.png 1536w\" sizes=\"(max-width: 150px) 100vw, 150px\" \/><\/td><\/tr><tr><td><a href=\"http:\/\/elissen-bv.nl\">Loodgietersbedrijf Elissen bv<\/a><\/td><td><img loading=\"lazy\" decoding=\"async\" width=\"150\" height=\"53\" class=\"wp-image-152\" style=\"width: 150px;\" src=\"https:\/\/sjo-dtv.nl\/wp-content\/uploads\/2024\/09\/Screen-Shot-2019-12-04-at-8.59.09-PM.png\" alt=\"\" srcset=\"https:\/\/snc14.nl\/wp-content\/uploads\/2024\/09\/Screen-Shot-2019-12-04-at-8.59.09-PM.png 337w, https:\/\/snc14.nl\/wp-content\/uploads\/2024\/09\/Screen-Shot-2019-12-04-at-8.59.09-PM-300x106.png 300w\" sizes=\"(max-width: 150px) 100vw, 150px\" \/><\/td><\/tr><tr><td><a href=\"http:\/\/mauricegeron.nl\">M. G\u00e9ron Infra &amp; Verhuur<\/a><\/td><td><img loading=\"lazy\" decoding=\"async\" width=\"150\" height=\"43\" class=\"wp-image-266\" style=\"width: 150px;\" src=\"https:\/\/sjo-dtv.nl\/wp-content\/uploads\/2025\/09\/geron.png\" alt=\"\" srcset=\"https:\/\/snc14.nl\/wp-content\/uploads\/2025\/09\/geron.png 1874w, https:\/\/snc14.nl\/wp-content\/uploads\/2025\/09\/geron-300x85.png 300w, https:\/\/snc14.nl\/wp-content\/uploads\/2025\/09\/geron-1024x291.png 1024w, https:\/\/snc14.nl\/wp-content\/uploads\/2025\/09\/geron-768x218.png 768w, https:\/\/snc14.nl\/wp-content\/uploads\/2025\/09\/geron-1536x436.png 1536w\" sizes=\"(max-width: 150px) 100vw, 150px\" \/><\/td><\/tr><tr><td><a href=\"https:\/\/www.maisonvillage.nl\">Maison Village<\/a><\/td><td><img loading=\"lazy\" decoding=\"async\" width=\"150\" height=\"150\" class=\"wp-image-424\" style=\"width: 150px;\" src=\"https:\/\/snc14.nl\/wp-content\/uploads\/2025\/12\/images.jpeg\" alt=\"\" srcset=\"https:\/\/snc14.nl\/wp-content\/uploads\/2025\/12\/images.jpeg 225w, https:\/\/snc14.nl\/wp-content\/uploads\/2025\/12\/images-150x150.jpeg 150w\" sizes=\"(max-width: 150px) 100vw, 150px\" \/><\/td><\/tr><tr><td><a href=\"https:\/\/newtone.nl\">Newtone<\/a><\/td><td><img loading=\"lazy\" decoding=\"async\" width=\"150\" height=\"94\" class=\"wp-image-426\" style=\"width: 150px;\" src=\"https:\/\/snc14.nl\/wp-content\/uploads\/2025\/12\/newtonelogo.png.webp\" alt=\"\" srcset=\"https:\/\/snc14.nl\/wp-content\/uploads\/2025\/12\/newtonelogo.png.webp 720w, https:\/\/snc14.nl\/wp-content\/uploads\/2025\/12\/newtonelogo.png-300x188.webp 300w\" sizes=\"(max-width: 150px) 100vw, 150px\" \/><\/td><\/tr><tr><td>Peter Ramaekers Grondverzet<\/td><td><img loading=\"lazy\" decoding=\"async\" width=\"150\" height=\"81\" class=\"wp-image-429\" style=\"width: 150px;\" src=\"https:\/\/snc14.nl\/wp-content\/uploads\/2025\/12\/image.png\" alt=\"\" srcset=\"https:\/\/snc14.nl\/wp-content\/uploads\/2025\/12\/image.png 880w, https:\/\/snc14.nl\/wp-content\/uploads\/2025\/12\/image-300x163.png 300w, https:\/\/snc14.nl\/wp-content\/uploads\/2025\/12\/image-768x416.png 768w\" sizes=\"(max-width: 150px) 100vw, 150px\" \/><\/td><\/tr><tr><td><a href=\"https:\/\/plabos.nl\">Plabos<\/a><\/td><td><img loading=\"lazy\" decoding=\"async\" width=\"150\" height=\"68\" class=\"wp-image-423\" style=\"width: 150px;\" src=\"https:\/\/snc14.nl\/wp-content\/uploads\/2025\/12\/images-3.png\" alt=\"\" srcset=\"https:\/\/snc14.nl\/wp-content\/uploads\/2025\/12\/images-3.png 333w, https:\/\/snc14.nl\/wp-content\/uploads\/2025\/12\/images-3-300x136.png 300w\" sizes=\"(max-width: 150px) 100vw, 150px\" \/><\/td><\/tr><tr><td><a href=\"https:\/\/www.powercom.nl\">Powercom<\/a><\/td><td><img loading=\"lazy\" decoding=\"async\" width=\"150\" height=\"31\" class=\"wp-image-420\" style=\"width: 150px;\" src=\"https:\/\/snc14.nl\/wp-content\/uploads\/2025\/12\/3f938d_18f9328a1b09408f9f6d3c99ec63fa81mv2.png.avif\" alt=\"\" srcset=\"https:\/\/snc14.nl\/wp-content\/uploads\/2025\/12\/3f938d_18f9328a1b09408f9f6d3c99ec63fa81mv2.png.avif 420w, https:\/\/snc14.nl\/wp-content\/uploads\/2025\/12\/3f938d_18f9328a1b09408f9f6d3c99ec63fa81mv2.png-300x61.avif 300w\" sizes=\"(max-width: 150px) 100vw, 150px\" \/><\/td><\/tr><tr><td><a href=\"http:\/\/rentmeesterskantoorhuntjens.nl\">Rentmeesterskantoor Huntjens<\/a><\/td><td><img loading=\"lazy\" decoding=\"async\" width=\"150\" height=\"113\" class=\"wp-image-271\" style=\"width: 150px;\" src=\"https:\/\/sjo-dtv.nl\/wp-content\/uploads\/2025\/09\/Huntjens.jpg\" alt=\"\" srcset=\"https:\/\/snc14.nl\/wp-content\/uploads\/2025\/09\/Huntjens.jpg 400w, https:\/\/snc14.nl\/wp-content\/uploads\/2025\/09\/Huntjens-300x225.jpg 300w\" sizes=\"(max-width: 150px) 100vw, 150px\" \/><\/td><\/tr><tr><td><a href=\"http:\/\/dunordnoorbeek.nl\">Restaurant Du Nord<\/a><\/td><td><img loading=\"lazy\" decoding=\"async\" width=\"150\" height=\"150\" class=\"wp-image-263\" style=\"width: 150px;\" src=\"https:\/\/sjo-dtv.nl\/wp-content\/uploads\/2025\/09\/dunord.jpg\" alt=\"\" srcset=\"https:\/\/snc14.nl\/wp-content\/uploads\/2025\/09\/dunord.jpg 709w, https:\/\/snc14.nl\/wp-content\/uploads\/2025\/09\/dunord-300x300.jpg 300w, https:\/\/snc14.nl\/wp-content\/uploads\/2025\/09\/dunord-150x150.jpg 150w\" sizes=\"(max-width: 150px) 100vw, 150px\" \/><\/td><\/tr><tr><td><a href=\"http:\/\/ritzeneventsupport.nl\">Ritzen Event Support<\/a><\/td><td><img loading=\"lazy\" decoding=\"async\" width=\"150\" height=\"56\" class=\"wp-image-276\" style=\"width: 150px;\" src=\"https:\/\/sjo-dtv.nl\/wp-content\/uploads\/2025\/09\/ritzenevent.webp\" alt=\"\" srcset=\"https:\/\/snc14.nl\/wp-content\/uploads\/2025\/09\/ritzenevent.webp 1240w, https:\/\/snc14.nl\/wp-content\/uploads\/2025\/09\/ritzenevent-300x111.webp 300w, https:\/\/snc14.nl\/wp-content\/uploads\/2025\/09\/ritzenevent-1024x380.webp 1024w, https:\/\/snc14.nl\/wp-content\/uploads\/2025\/09\/ritzenevent-768x285.webp 768w\" sizes=\"(max-width: 150px) 100vw, 150px\" \/><\/td><\/tr><tr><td><a href=\"http:\/\/schintech.nl\">Schintech<\/a><\/td><td><img loading=\"lazy\" decoding=\"async\" width=\"150\" height=\"52\" class=\"wp-image-277\" style=\"width: 150px;\" src=\"https:\/\/sjo-dtv.nl\/wp-content\/uploads\/2025\/09\/schintech.png\" alt=\"\"><\/td><\/tr><tr><td><a href=\"http:\/\/slagerijnuijts.nl\">Slagerij Nuijts<\/a><\/td><td><img loading=\"lazy\" decoding=\"async\" width=\"150\" height=\"83\" class=\"wp-image-283\" style=\"width: 150px;\" src=\"https:\/\/sjo-dtv.nl\/wp-content\/uploads\/2025\/09\/Scherm\u00adafbeelding-2025-09-03-om-23.00.43.png\" alt=\"\" srcset=\"https:\/\/snc14.nl\/wp-content\/uploads\/2025\/09\/Scherm\u00adafbeelding-2025-09-03-om-23.00.43.png 712w, https:\/\/snc14.nl\/wp-content\/uploads\/2025\/09\/Scherm\u00adafbeelding-2025-09-03-om-23.00.43-300x166.png 300w\" sizes=\"(max-width: 150px) 100vw, 150px\" \/><\/td><\/tr><tr><td><a href=\"https:\/\/www.plus.nl\/supermarkten\/gulpen_plus-kleijnen-gulpen_725\">Supermarkt Plus Kleijnen Gulpen<\/a><\/td><td><img loading=\"lazy\" decoding=\"async\" width=\"150\" height=\"72\" class=\"wp-image-427\" style=\"width: 150px;\" src=\"https:\/\/snc14.nl\/wp-content\/uploads\/2025\/12\/PLUS-Kleijnen-Gulpen-2022.jpg\" alt=\"\" srcset=\"https:\/\/snc14.nl\/wp-content\/uploads\/2025\/12\/PLUS-Kleijnen-Gulpen-2022.jpg 580w, https:\/\/snc14.nl\/wp-content\/uploads\/2025\/12\/PLUS-Kleijnen-Gulpen-2022-300x145.jpg 300w\" sizes=\"(max-width: 150px) 100vw, 150px\" \/><\/td><\/tr><tr><td><a href=\"https:\/\/www.detribunal.nl\">Tribunal<\/a><\/td><td><img loading=\"lazy\" decoding=\"async\" width=\"150\" height=\"150\" class=\"wp-image-422\" style=\"width: 150px;\" src=\"https:\/\/snc14.nl\/wp-content\/uploads\/2025\/12\/images-2.jpeg\" alt=\"\" srcset=\"https:\/\/snc14.nl\/wp-content\/uploads\/2025\/12\/images-2.jpeg 225w, https:\/\/snc14.nl\/wp-content\/uploads\/2025\/12\/images-2-150x150.jpeg 150w\" sizes=\"(max-width: 150px) 100vw, 150px\" \/><\/td><\/tr><tr><td><a href=\"http:\/\/zevendeheerlijkheid.nl\">Zevende Heerlijkheid<\/a><\/td><td><img loading=\"lazy\" decoding=\"async\" width=\"150\" height=\"150\" class=\"wp-image-280\" style=\"width: 150px;\" src=\"https:\/\/sjo-dtv.nl\/wp-content\/uploads\/2025\/09\/zevendeheerlijkheid.png\" alt=\"\" srcset=\"https:\/\/snc14.nl\/wp-content\/uploads\/2025\/09\/zevendeheerlijkheid.png 225w, https:\/\/snc14.nl\/wp-content\/uploads\/2025\/09\/zevendeheerlijkheid-150x150.png 150w\" sizes=\"(max-width: 150px) 100vw, 150px\" \/><\/td><\/tr><\/tbody><\/table><\/figure>\n","protected":false},"excerpt":{"rendered":"<p>Hoofdsponsor Subsponsoren Accountancy Zuyd Auberge de Smockelaer Bakkerij Vermeeren Boave de Wesch Brigida Bl\u00f6mke Brouwers Installaties en dakwerken bv Caf\u00e9 d&#8217;r Pley Caf\u00e9 Offermans Hoogcruts Claydrum Cobelli Decorette Franssen Demo Productions Eijkerbouw Bouwbedrijf Timmerbedrijf Hof Mabrouck Hombourgeois \/ Molen van Medael Jan Opreij Bouwmaterialen Jessica Klaassen-Zijlstra Travel Counsellor Jos van Laar Gasterij Henry VIII Lardenoije [&hellip;]<\/p>\n","protected":false},"author":1,"featured_media":0,"parent":0,"menu_order":0,"comment_status":"closed","ping_status":"closed","template":"","meta":{"footnotes":""},"class_list":["post-99","page","type-page","status-publish","hentry"],"_links":{"self":[{"href":"https:\/\/snc14.nl\/index.php?rest_route=\/wp\/v2\/pages\/99","targetHints":{"allow":["GET"]}}],"collection":[{"href":"https:\/\/snc14.nl\/index.php?rest_route=\/wp\/v2\/pages"}],"about":[{"href":"https:\/\/snc14.nl\/index.php?rest_route=\/wp\/v2\/types\/page"}],"author":[{"embeddable":true,"href":"https:\/\/snc14.nl\/index.php?rest_route=\/wp\/v2\/users\/1"}],"replies":[{"embeddable":true,"href":"https:\/\/snc14.nl\/index.php?rest_route=%2Fwp%2Fv2%2Fcomments&post=99"}],"version-history":[{"count":6,"href":"https:\/\/snc14.nl\/index.php?rest_route=\/wp\/v2\/pages\/99\/revisions"}],"predecessor-version":[{"id":431,"href":"https:\/\/snc14.nl\/index.php?rest_route=\/wp\/v2\/pages\/99\/revisions\/431"}],"wp:attachment":[{"href":"https:\/\/snc14.nl\/index.php?rest_route=%2Fwp%2Fv2%2Fmedia&parent=99"}],"curies":[{"name":"wp","href":"https:\/\/api.w.org\/{rel}","templated":true}]}}